{"id":6344,"date":"2018-11-22T17:58:43","date_gmt":"2018-11-22T16:58:43","guid":{"rendered":"https:\/\/jestrudo.pl\/sklep\/?post_type=product&#038;p=6344"},"modified":"2025-10-22T13:00:36","modified_gmt":"2025-10-22T11:00:36","slug":"jaki-aparat-wybrac","status":"publish","type":"product","link":"https:\/\/jestrudo.pl\/sklep\/produkt\/jaki-aparat-wybrac\/","title":{"rendered":"Jaki aparat i obiektyw wybra\u0107 &#8211; zestaw 2 ebook\u00f3w"},"content":{"rendered":"","protected":false},"excerpt":{"rendered":"<p>Masz przed sob\u0105 dwa poradniki o warto\u015bci 119 z\u0142, kt\u00f3re pomog\u0105 Ci wybra\u0107 odpowiedni dla Ciebie aparat i obiektywy. Teraz tylko <span style=\"color: #cc91ae;\"><strong>97 z\u0142!<\/strong><\/span><\/p>\n<p><strong>Dzi\u0119ki niemu nie tracisz got\u00f3wki na nieudane zakupy!<\/strong><\/p>\n<p>&nbsp;<\/p>\n<p>&#8211; &#8211; &#8211; &#8211;<\/p>\n<p>Uwaga, nie znajdziesz tutaj listy polecanego sprz\u0119tu, tylko UNIWERSALNE wskaz\u00f3wki, dzi\u0119ki kt\u00f3rym samodzielnie wybierzesz najlepszy produkt.<\/p>\n","protected":false},"featured_media":12161,"template":"","meta":[],"product_brand":[],"product_cat":[9],"product_tag":[57,35,34,36,56],"class_list":{"0":"post-6344","1":"product","2":"type-product","3":"status-publish","4":"has-post-thumbnail","6":"product_cat-lekcje-fotografii","7":"product_tag-ebook","8":"product_tag-kurs-fotografii","9":"product_tag-lekcje-fotografii","10":"product_tag-podstawy-fotografii","11":"product_tag-poradnik-pdf","13":"entry","14":"has-media","16":"first","17":"instock","18":"sale","19":"downloadable","20":"virtual","21":"purchasable","22":"product-type-simple","23":"has-product-nav","24":"col","25":"span_1_of_3","26":"owp-content-center","27":"owp-thumbs-layout-horizontal","28":"owp-btn-normal","29":"owp-tabs-layout-horizontal","30":"has-no-thumbnails"},"yoast_head":"<!-- This site is optimized with the Yoast SEO plugin v26.2 - https:\/\/yoast.com\/wordpress\/plugins\/seo\/ -->\n<title>Kurs fotografii: Photoshop podstawy obr\u00f3bki zdj\u0119\u0107 i obs\u0142ugi<\/title>\n<meta name=\"description\" content=\"Kurs dla pocz\u0105tkuj\u0105cych - Photoshop podstawy obs\u0142ugi programu i obr\u00f3bki zdj\u0119\u0107. Kurs nauczy Ci\u0119 czym s\u0105 warstwy oraz jakie s\u0105 podstawowe narz\u0119dzia.\" \/>\n<meta name=\"robots\" content=\"index, follow, max-snippet:-1, max-image-preview:large, max-video-preview:-1\" \/>\n<link rel=\"canonical\" href=\"https:\/\/jestrudo.pl\/sklep\/produkt\/jaki-aparat-wybrac\/\" \/>\n<meta property=\"og:locale\" content=\"pl_PL\" \/>\n<meta property=\"og:type\" content=\"article\" \/>\n<meta property=\"og:title\" content=\"Kurs fotografii: Photoshop podstawy obr\u00f3bki zdj\u0119\u0107 i obs\u0142ugi\" \/>\n<meta property=\"og:description\" content=\"Kurs dla pocz\u0105tkuj\u0105cych - Photoshop podstawy obs\u0142ugi programu i obr\u00f3bki zdj\u0119\u0107. Kurs nauczy Ci\u0119 czym s\u0105 warstwy oraz jakie s\u0105 podstawowe narz\u0119dzia.\" \/>\n<meta property=\"og:url\" content=\"https:\/\/jestrudo.pl\/sklep\/produkt\/jaki-aparat-wybrac\/\" \/>\n<meta property=\"og:site_name\" content=\"Jest Rudo - nauka fotografii dla pocz\u0105tkuj\u0105cych\" \/>\n<meta property=\"article:modified_time\" content=\"2025-10-22T11:00:36+00:00\" \/>\n<meta property=\"og:image\" content=\"https:\/\/jestrudo.pl\/sklep\/wp-content\/uploads\/2018\/11\/poradniki.jpg\" \/>\n\t<meta property=\"og:image:width\" content=\"720\" \/>\n\t<meta property=\"og:image:height\" content=\"482\" \/>\n\t<meta property=\"og:image:type\" content=\"image\/jpeg\" \/>\n<meta name=\"twitter:card\" content=\"summary_large_image\" \/>\n<meta name=\"twitter:label1\" content=\"Szacowany czas czytania\" \/>\n\t<meta name=\"twitter:data1\" content=\"1 minuta\" \/>\n<script type=\"application\/ld+json\" class=\"yoast-schema-graph\">{\"@context\":\"https:\/\/schema.org\",\"@graph\":[{\"@type\":\"WebPage\",\"@id\":\"https:\/\/jestrudo.pl\/sklep\/produkt\/jaki-aparat-wybrac\/\",\"url\":\"https:\/\/jestrudo.pl\/sklep\/produkt\/jaki-aparat-wybrac\/\",\"name\":\"Kurs fotografii: Photoshop podstawy obr\u00f3bki zdj\u0119\u0107 i obs\u0142ugi\",\"isPartOf\":{\"@id\":\"https:\/\/jestrudo.pl\/sklep\/#website\"},\"primaryImageOfPage\":{\"@id\":\"https:\/\/jestrudo.pl\/sklep\/produkt\/jaki-aparat-wybrac\/#primaryimage\"},\"image\":{\"@id\":\"https:\/\/jestrudo.pl\/sklep\/produkt\/jaki-aparat-wybrac\/#primaryimage\"},\"thumbnailUrl\":\"https:\/\/jestrudo.pl\/sklep\/wp-content\/uploads\/2018\/11\/poradniki.jpg\",\"datePublished\":\"2018-11-22T16:58:43+00:00\",\"dateModified\":\"2025-10-22T11:00:36+00:00\",\"description\":\"Kurs dla pocz\u0105tkuj\u0105cych - Photoshop podstawy obs\u0142ugi programu i obr\u00f3bki zdj\u0119\u0107. Kurs nauczy Ci\u0119 czym s\u0105 warstwy oraz jakie s\u0105 podstawowe narz\u0119dzia.\",\"breadcrumb\":{\"@id\":\"https:\/\/jestrudo.pl\/sklep\/produkt\/jaki-aparat-wybrac\/#breadcrumb\"},\"inLanguage\":\"pl-PL\",\"potentialAction\":[{\"@type\":\"ReadAction\",\"target\":[\"https:\/\/jestrudo.pl\/sklep\/produkt\/jaki-aparat-wybrac\/\"]}]},{\"@type\":\"ImageObject\",\"inLanguage\":\"pl-PL\",\"@id\":\"https:\/\/jestrudo.pl\/sklep\/produkt\/jaki-aparat-wybrac\/#primaryimage\",\"url\":\"https:\/\/jestrudo.pl\/sklep\/wp-content\/uploads\/2018\/11\/poradniki.jpg\",\"contentUrl\":\"https:\/\/jestrudo.pl\/sklep\/wp-content\/uploads\/2018\/11\/poradniki.jpg\",\"width\":720,\"height\":482,\"caption\":\"jaki aparat wybra\u0107 poradnik\"},{\"@type\":\"BreadcrumbList\",\"@id\":\"https:\/\/jestrudo.pl\/sklep\/produkt\/jaki-aparat-wybrac\/#breadcrumb\",\"itemListElement\":[{\"@type\":\"ListItem\",\"position\":1,\"name\":\"Strona g\u0142\u00f3wna\",\"item\":\"https:\/\/jestrudo.pl\/sklep\/\"},{\"@type\":\"ListItem\",\"position\":2,\"name\":\"Sklep\",\"item\":\"https:\/\/jestrudo.pl\/sklep\/sklep\/\"},{\"@type\":\"ListItem\",\"position\":3,\"name\":\"Jaki aparat i obiektyw wybra\u0107 &#8211; zestaw 2 ebook\u00f3w\"}]},{\"@type\":\"WebSite\",\"@id\":\"https:\/\/jestrudo.pl\/sklep\/#website\",\"url\":\"https:\/\/jestrudo.pl\/sklep\/\",\"name\":\"Jest Rudo - nauka fotografii dla pocz\u0105tkuj\u0105cych\",\"description\":\"Kurs fotografii dla pocz\u0105tkuj\u0105cych, akcje do Photoshopa, lekcje fotografii\",\"potentialAction\":[{\"@type\":\"SearchAction\",\"target\":{\"@type\":\"EntryPoint\",\"urlTemplate\":\"https:\/\/jestrudo.pl\/sklep\/?s={search_term_string}\"},\"query-input\":{\"@type\":\"PropertyValueSpecification\",\"valueRequired\":true,\"valueName\":\"search_term_string\"}}],\"inLanguage\":\"pl-PL\"}]}<\/script>\n<!-- \/ Yoast SEO plugin. -->","yoast_head_json":{"title":"Kurs fotografii: Photoshop podstawy obr\u00f3bki zdj\u0119\u0107 i obs\u0142ugi","description":"Kurs dla pocz\u0105tkuj\u0105cych - Photoshop podstawy obs\u0142ugi programu i obr\u00f3bki zdj\u0119\u0107. Kurs nauczy Ci\u0119 czym s\u0105 warstwy oraz jakie s\u0105 podstawowe narz\u0119dzia.","robots":{"index":"index","follow":"follow","max-snippet":"max-snippet:-1","max-image-preview":"max-image-preview:large","max-video-preview":"max-video-preview:-1"},"canonical":"https:\/\/jestrudo.pl\/sklep\/produkt\/jaki-aparat-wybrac\/","og_locale":"pl_PL","og_type":"article","og_title":"Kurs fotografii: Photoshop podstawy obr\u00f3bki zdj\u0119\u0107 i obs\u0142ugi","og_description":"Kurs dla pocz\u0105tkuj\u0105cych - Photoshop podstawy obs\u0142ugi programu i obr\u00f3bki zdj\u0119\u0107. Kurs nauczy Ci\u0119 czym s\u0105 warstwy oraz jakie s\u0105 podstawowe narz\u0119dzia.","og_url":"https:\/\/jestrudo.pl\/sklep\/produkt\/jaki-aparat-wybrac\/","og_site_name":"Jest Rudo - nauka fotografii dla pocz\u0105tkuj\u0105cych","article_modified_time":"2025-10-22T11:00:36+00:00","og_image":[{"width":720,"height":482,"url":"https:\/\/jestrudo.pl\/sklep\/wp-content\/uploads\/2018\/11\/poradniki.jpg","type":"image\/jpeg"}],"twitter_card":"summary_large_image","twitter_misc":{"Szacowany czas czytania":"1 minuta"},"schema":{"@context":"https:\/\/schema.org","@graph":[{"@type":"WebPage","@id":"https:\/\/jestrudo.pl\/sklep\/produkt\/jaki-aparat-wybrac\/","url":"https:\/\/jestrudo.pl\/sklep\/produkt\/jaki-aparat-wybrac\/","name":"Kurs fotografii: Photoshop podstawy obr\u00f3bki zdj\u0119\u0107 i obs\u0142ugi","isPartOf":{"@id":"https:\/\/jestrudo.pl\/sklep\/#website"},"primaryImageOfPage":{"@id":"https:\/\/jestrudo.pl\/sklep\/produkt\/jaki-aparat-wybrac\/#primaryimage"},"image":{"@id":"https:\/\/jestrudo.pl\/sklep\/produkt\/jaki-aparat-wybrac\/#primaryimage"},"thumbnailUrl":"https:\/\/jestrudo.pl\/sklep\/wp-content\/uploads\/2018\/11\/poradniki.jpg","datePublished":"2018-11-22T16:58:43+00:00","dateModified":"2025-10-22T11:00:36+00:00","description":"Kurs dla pocz\u0105tkuj\u0105cych - Photoshop podstawy obs\u0142ugi programu i obr\u00f3bki zdj\u0119\u0107. Kurs nauczy Ci\u0119 czym s\u0105 warstwy oraz jakie s\u0105 podstawowe narz\u0119dzia.","breadcrumb":{"@id":"https:\/\/jestrudo.pl\/sklep\/produkt\/jaki-aparat-wybrac\/#breadcrumb"},"inLanguage":"pl-PL","potentialAction":[{"@type":"ReadAction","target":["https:\/\/jestrudo.pl\/sklep\/produkt\/jaki-aparat-wybrac\/"]}]},{"@type":"ImageObject","inLanguage":"pl-PL","@id":"https:\/\/jestrudo.pl\/sklep\/produkt\/jaki-aparat-wybrac\/#primaryimage","url":"https:\/\/jestrudo.pl\/sklep\/wp-content\/uploads\/2018\/11\/poradniki.jpg","contentUrl":"https:\/\/jestrudo.pl\/sklep\/wp-content\/uploads\/2018\/11\/poradniki.jpg","width":720,"height":482,"caption":"jaki aparat wybra\u0107 poradnik"},{"@type":"BreadcrumbList","@id":"https:\/\/jestrudo.pl\/sklep\/produkt\/jaki-aparat-wybrac\/#breadcrumb","itemListElement":[{"@type":"ListItem","position":1,"name":"Strona g\u0142\u00f3wna","item":"https:\/\/jestrudo.pl\/sklep\/"},{"@type":"ListItem","position":2,"name":"Sklep","item":"https:\/\/jestrudo.pl\/sklep\/sklep\/"},{"@type":"ListItem","position":3,"name":"Jaki aparat i obiektyw wybra\u0107 &#8211; zestaw 2 ebook\u00f3w"}]},{"@type":"WebSite","@id":"https:\/\/jestrudo.pl\/sklep\/#website","url":"https:\/\/jestrudo.pl\/sklep\/","name":"Jest Rudo - nauka fotografii dla pocz\u0105tkuj\u0105cych","description":"Kurs fotografii dla pocz\u0105tkuj\u0105cych, akcje do Photoshopa, lekcje fotografii","potentialAction":[{"@type":"SearchAction","target":{"@type":"EntryPoint","urlTemplate":"https:\/\/jestrudo.pl\/sklep\/?s={search_term_string}"},"query-input":{"@type":"PropertyValueSpecification","valueRequired":true,"valueName":"search_term_string"}}],"inLanguage":"pl-PL"}]}},"_links":{"self":[{"href":"https:\/\/jestrudo.pl\/sklep\/wp-json\/wp\/v2\/product\/6344","targetHints":{"allow":["GET"]}}],"collection":[{"href":"https:\/\/jestrudo.pl\/sklep\/wp-json\/wp\/v2\/product"}],"about":[{"href":"https:\/\/jestrudo.pl\/sklep\/wp-json\/wp\/v2\/types\/product"}],"version-history":[{"count":1,"href":"https:\/\/jestrudo.pl\/sklep\/wp-json\/wp\/v2\/product\/6344\/revisions"}],"predecessor-version":[{"id":15404,"href":"https:\/\/jestrudo.pl\/sklep\/wp-json\/wp\/v2\/product\/6344\/revisions\/15404"}],"wp:featuredmedia":[{"embeddable":true,"href":"https:\/\/jestrudo.pl\/sklep\/wp-json\/wp\/v2\/media\/12161"}],"wp:attachment":[{"href":"https:\/\/jestrudo.pl\/sklep\/wp-json\/wp\/v2\/media?parent=6344"}],"wp:term":[{"taxonomy":"product_brand","embeddable":true,"href":"https:\/\/jestrudo.pl\/sklep\/wp-json\/wp\/v2\/product_brand?post=6344"},{"taxonomy":"product_cat","embeddable":true,"href":"https:\/\/jestrudo.pl\/sklep\/wp-json\/wp\/v2\/product_cat?post=6344"},{"taxonomy":"product_tag","embeddable":true,"href":"https:\/\/jestrudo.pl\/sklep\/wp-json\/wp\/v2\/product_tag?post=6344"}],"curies":[{"name":"wp","href":"https:\/\/api.w.org\/{rel}","templated":true}]}}