{"id":406,"date":"2015-11-08T11:52:50","date_gmt":"2015-11-08T10:52:50","guid":{"rendered":"http:\/\/jestrudo.pl\/sklep\/produkt\/akcje-pastelowe\/"},"modified":"2025-10-27T12:53:22","modified_gmt":"2025-10-27T11:53:22","slug":"akcje-pastelowe","status":"publish","type":"product","link":"https:\/\/jestrudo.pl\/sklep\/produkt\/akcje-pastelowe\/","title":{"rendered":"Akcje pastelowe"},"content":{"rendered":"","protected":false},"excerpt":{"rendered":"<p style=\"text-align: justify;\">To obietnica delikatno\u015bci. Zadbali\u015bmy o wyj\u0105tkowo mi\u0119kkie kolory, unikaj\u0105c kontrast\u00f3w i intensywnych barw. Ten zestaw pi\u0119knie podkre\u015bli fotografie dzieci\u0119ce, zdj\u0119cia \u015blubne czy portrety. Wyj\u0105tkowo apetyczne po\u0142\u0105czenia mgie\u0142ek i pastelowych cieni.<\/p>\n<p style=\"text-align: justify;\">Produkt kompatybilny z programem Photoshop CS3-CS6 oraz CC.<\/p>\n<p><a class=\"'button\" href=\"'\/akcje-pastelowe'\">Czytaj wi\u0119cej<\/a><\/p>\n","protected":false},"featured_media":16518,"template":"","meta":[],"product_brand":[],"product_cat":[8,66],"product_tag":[29,30],"class_list":{"0":"post-406","1":"product","2":"type-product","3":"status-publish","4":"has-post-thumbnail","6":"product_cat-akcje","7":"product_cat-pakiet-akcji","8":"product_tag-akcje-do-photoshopa","9":"product_tag-filtry-kolorystyczne","11":"entry","12":"has-media","14":"first","15":"instock","16":"sale","17":"downloadable","18":"virtual","19":"purchasable","20":"product-type-simple","21":"has-product-nav","22":"col","23":"span_1_of_3","24":"owp-content-center","25":"owp-thumbs-layout-horizontal","26":"owp-btn-normal","27":"owp-tabs-layout-horizontal","28":"has-no-thumbnails"},"yoast_head":"<!-- This site is optimized with the Yoast SEO plugin v26.2 - https:\/\/yoast.com\/wordpress\/plugins\/seo\/ -->\n<title>Akcje do PS - pastelowe filtry do zdj\u0119\u0107 kolorystyczne | sklep dla fotograf\u00f3w<\/title>\n<meta name=\"description\" content=\"Dzi\u0119ki filtrom kolorystycznym odmienisz swoje zdj\u0119cia w mniej ni\u017c minut\u0119! Kup akcje do Photoshopa i edytuj zdj\u0119cia 1 KLIKNI\u0118CIEM!\" \/>\n<meta name=\"robots\" content=\"index, follow, max-snippet:-1, max-image-preview:large, max-video-preview:-1\" \/>\n<link rel=\"canonical\" href=\"https:\/\/jestrudo.pl\/sklep\/produkt\/akcje-pastelowe\/\" \/>\n<meta property=\"og:locale\" content=\"pl_PL\" \/>\n<meta property=\"og:type\" content=\"article\" \/>\n<meta property=\"og:title\" content=\"Akcje do PS - pastelowe filtry do zdj\u0119\u0107 kolorystyczne | sklep dla fotograf\u00f3w\" \/>\n<meta property=\"og:description\" content=\"Dzi\u0119ki filtrom kolorystycznym odmienisz swoje zdj\u0119cia w mniej ni\u017c minut\u0119! Kup akcje do Photoshopa i edytuj zdj\u0119cia 1 KLIKNI\u0118CIEM!\" \/>\n<meta property=\"og:url\" content=\"https:\/\/jestrudo.pl\/sklep\/produkt\/akcje-pastelowe\/\" \/>\n<meta property=\"og:site_name\" content=\"Jest Rudo - nauka fotografii dla pocz\u0105tkuj\u0105cych\" \/>\n<meta property=\"article:modified_time\" content=\"2025-10-27T11:53:22+00:00\" \/>\n<meta property=\"og:image\" content=\"https:\/\/jestrudo.pl\/sklep\/wp-content\/uploads\/2023\/01\/edycja-zdjec-akcje-do-ps-3.png\" \/>\n\t<meta property=\"og:image:width\" content=\"800\" \/>\n\t<meta property=\"og:image:height\" content=\"800\" \/>\n\t<meta property=\"og:image:type\" content=\"image\/png\" \/>\n<meta name=\"twitter:card\" content=\"summary_large_image\" \/>\n<meta name=\"twitter:label1\" content=\"Szacowany czas czytania\" \/>\n\t<meta name=\"twitter:data1\" content=\"1 minuta\" \/>\n<script type=\"application\/ld+json\" class=\"yoast-schema-graph\">{\"@context\":\"https:\/\/schema.org\",\"@graph\":[{\"@type\":\"WebPage\",\"@id\":\"https:\/\/jestrudo.pl\/sklep\/produkt\/akcje-pastelowe\/\",\"url\":\"https:\/\/jestrudo.pl\/sklep\/produkt\/akcje-pastelowe\/\",\"name\":\"Akcje do PS - pastelowe filtry do zdj\u0119\u0107 kolorystyczne | sklep dla fotograf\u00f3w\",\"isPartOf\":{\"@id\":\"https:\/\/jestrudo.pl\/sklep\/#website\"},\"primaryImageOfPage\":{\"@id\":\"https:\/\/jestrudo.pl\/sklep\/produkt\/akcje-pastelowe\/#primaryimage\"},\"image\":{\"@id\":\"https:\/\/jestrudo.pl\/sklep\/produkt\/akcje-pastelowe\/#primaryimage\"},\"thumbnailUrl\":\"https:\/\/jestrudo.pl\/sklep\/wp-content\/uploads\/2023\/01\/edycja-zdjec-akcje-do-ps-3.png\",\"datePublished\":\"2015-11-08T10:52:50+00:00\",\"dateModified\":\"2025-10-27T11:53:22+00:00\",\"description\":\"Dzi\u0119ki filtrom kolorystycznym odmienisz swoje zdj\u0119cia w mniej ni\u017c minut\u0119! Kup akcje do Photoshopa i edytuj zdj\u0119cia 1 KLIKNI\u0118CIEM!\",\"breadcrumb\":{\"@id\":\"https:\/\/jestrudo.pl\/sklep\/produkt\/akcje-pastelowe\/#breadcrumb\"},\"inLanguage\":\"pl-PL\",\"potentialAction\":[{\"@type\":\"ReadAction\",\"target\":[\"https:\/\/jestrudo.pl\/sklep\/produkt\/akcje-pastelowe\/\"]}]},{\"@type\":\"ImageObject\",\"inLanguage\":\"pl-PL\",\"@id\":\"https:\/\/jestrudo.pl\/sklep\/produkt\/akcje-pastelowe\/#primaryimage\",\"url\":\"https:\/\/jestrudo.pl\/sklep\/wp-content\/uploads\/2023\/01\/edycja-zdjec-akcje-do-ps-3.png\",\"contentUrl\":\"https:\/\/jestrudo.pl\/sklep\/wp-content\/uploads\/2023\/01\/edycja-zdjec-akcje-do-ps-3.png\",\"width\":800,\"height\":800,\"caption\":\"szybka edycja zdj\u0119\u0107 - akcje do photoshopa i presety pastelowe\"},{\"@type\":\"BreadcrumbList\",\"@id\":\"https:\/\/jestrudo.pl\/sklep\/produkt\/akcje-pastelowe\/#breadcrumb\",\"itemListElement\":[{\"@type\":\"ListItem\",\"position\":1,\"name\":\"Strona g\u0142\u00f3wna\",\"item\":\"https:\/\/jestrudo.pl\/sklep\/\"},{\"@type\":\"ListItem\",\"position\":2,\"name\":\"Sklep\",\"item\":\"https:\/\/jestrudo.pl\/sklep\/sklep\/\"},{\"@type\":\"ListItem\",\"position\":3,\"name\":\"Akcje pastelowe\"}]},{\"@type\":\"WebSite\",\"@id\":\"https:\/\/jestrudo.pl\/sklep\/#website\",\"url\":\"https:\/\/jestrudo.pl\/sklep\/\",\"name\":\"Jest Rudo - nauka fotografii dla pocz\u0105tkuj\u0105cych\",\"description\":\"Kurs fotografii dla pocz\u0105tkuj\u0105cych, akcje do Photoshopa, lekcje fotografii\",\"potentialAction\":[{\"@type\":\"SearchAction\",\"target\":{\"@type\":\"EntryPoint\",\"urlTemplate\":\"https:\/\/jestrudo.pl\/sklep\/?s={search_term_string}\"},\"query-input\":{\"@type\":\"PropertyValueSpecification\",\"valueRequired\":true,\"valueName\":\"search_term_string\"}}],\"inLanguage\":\"pl-PL\"}]}<\/script>\n<!-- \/ Yoast SEO plugin. -->","yoast_head_json":{"title":"Akcje do PS - pastelowe filtry do zdj\u0119\u0107 kolorystyczne | sklep dla fotograf\u00f3w","description":"Dzi\u0119ki filtrom kolorystycznym odmienisz swoje zdj\u0119cia w mniej ni\u017c minut\u0119! Kup akcje do Photoshopa i edytuj zdj\u0119cia 1 KLIKNI\u0118CIEM!","robots":{"index":"index","follow":"follow","max-snippet":"max-snippet:-1","max-image-preview":"max-image-preview:large","max-video-preview":"max-video-preview:-1"},"canonical":"https:\/\/jestrudo.pl\/sklep\/produkt\/akcje-pastelowe\/","og_locale":"pl_PL","og_type":"article","og_title":"Akcje do PS - pastelowe filtry do zdj\u0119\u0107 kolorystyczne | sklep dla fotograf\u00f3w","og_description":"Dzi\u0119ki filtrom kolorystycznym odmienisz swoje zdj\u0119cia w mniej ni\u017c minut\u0119! Kup akcje do Photoshopa i edytuj zdj\u0119cia 1 KLIKNI\u0118CIEM!","og_url":"https:\/\/jestrudo.pl\/sklep\/produkt\/akcje-pastelowe\/","og_site_name":"Jest Rudo - nauka fotografii dla pocz\u0105tkuj\u0105cych","article_modified_time":"2025-10-27T11:53:22+00:00","og_image":[{"width":800,"height":800,"url":"https:\/\/jestrudo.pl\/sklep\/wp-content\/uploads\/2023\/01\/edycja-zdjec-akcje-do-ps-3.png","type":"image\/png"}],"twitter_card":"summary_large_image","twitter_misc":{"Szacowany czas czytania":"1 minuta"},"schema":{"@context":"https:\/\/schema.org","@graph":[{"@type":"WebPage","@id":"https:\/\/jestrudo.pl\/sklep\/produkt\/akcje-pastelowe\/","url":"https:\/\/jestrudo.pl\/sklep\/produkt\/akcje-pastelowe\/","name":"Akcje do PS - pastelowe filtry do zdj\u0119\u0107 kolorystyczne | sklep dla fotograf\u00f3w","isPartOf":{"@id":"https:\/\/jestrudo.pl\/sklep\/#website"},"primaryImageOfPage":{"@id":"https:\/\/jestrudo.pl\/sklep\/produkt\/akcje-pastelowe\/#primaryimage"},"image":{"@id":"https:\/\/jestrudo.pl\/sklep\/produkt\/akcje-pastelowe\/#primaryimage"},"thumbnailUrl":"https:\/\/jestrudo.pl\/sklep\/wp-content\/uploads\/2023\/01\/edycja-zdjec-akcje-do-ps-3.png","datePublished":"2015-11-08T10:52:50+00:00","dateModified":"2025-10-27T11:53:22+00:00","description":"Dzi\u0119ki filtrom kolorystycznym odmienisz swoje zdj\u0119cia w mniej ni\u017c minut\u0119! Kup akcje do Photoshopa i edytuj zdj\u0119cia 1 KLIKNI\u0118CIEM!","breadcrumb":{"@id":"https:\/\/jestrudo.pl\/sklep\/produkt\/akcje-pastelowe\/#breadcrumb"},"inLanguage":"pl-PL","potentialAction":[{"@type":"ReadAction","target":["https:\/\/jestrudo.pl\/sklep\/produkt\/akcje-pastelowe\/"]}]},{"@type":"ImageObject","inLanguage":"pl-PL","@id":"https:\/\/jestrudo.pl\/sklep\/produkt\/akcje-pastelowe\/#primaryimage","url":"https:\/\/jestrudo.pl\/sklep\/wp-content\/uploads\/2023\/01\/edycja-zdjec-akcje-do-ps-3.png","contentUrl":"https:\/\/jestrudo.pl\/sklep\/wp-content\/uploads\/2023\/01\/edycja-zdjec-akcje-do-ps-3.png","width":800,"height":800,"caption":"szybka edycja zdj\u0119\u0107 - akcje do photoshopa i presety pastelowe"},{"@type":"BreadcrumbList","@id":"https:\/\/jestrudo.pl\/sklep\/produkt\/akcje-pastelowe\/#breadcrumb","itemListElement":[{"@type":"ListItem","position":1,"name":"Strona g\u0142\u00f3wna","item":"https:\/\/jestrudo.pl\/sklep\/"},{"@type":"ListItem","position":2,"name":"Sklep","item":"https:\/\/jestrudo.pl\/sklep\/sklep\/"},{"@type":"ListItem","position":3,"name":"Akcje pastelowe"}]},{"@type":"WebSite","@id":"https:\/\/jestrudo.pl\/sklep\/#website","url":"https:\/\/jestrudo.pl\/sklep\/","name":"Jest Rudo - nauka fotografii dla pocz\u0105tkuj\u0105cych","description":"Kurs fotografii dla pocz\u0105tkuj\u0105cych, akcje do Photoshopa, lekcje fotografii","potentialAction":[{"@type":"SearchAction","target":{"@type":"EntryPoint","urlTemplate":"https:\/\/jestrudo.pl\/sklep\/?s={search_term_string}"},"query-input":{"@type":"PropertyValueSpecification","valueRequired":true,"valueName":"search_term_string"}}],"inLanguage":"pl-PL"}]}},"_links":{"self":[{"href":"https:\/\/jestrudo.pl\/sklep\/wp-json\/wp\/v2\/product\/406","targetHints":{"allow":["GET"]}}],"collection":[{"href":"https:\/\/jestrudo.pl\/sklep\/wp-json\/wp\/v2\/product"}],"about":[{"href":"https:\/\/jestrudo.pl\/sklep\/wp-json\/wp\/v2\/types\/product"}],"version-history":[{"count":1,"href":"https:\/\/jestrudo.pl\/sklep\/wp-json\/wp\/v2\/product\/406\/revisions"}],"predecessor-version":[{"id":15465,"href":"https:\/\/jestrudo.pl\/sklep\/wp-json\/wp\/v2\/product\/406\/revisions\/15465"}],"wp:featuredmedia":[{"embeddable":true,"href":"https:\/\/jestrudo.pl\/sklep\/wp-json\/wp\/v2\/media\/16518"}],"wp:attachment":[{"href":"https:\/\/jestrudo.pl\/sklep\/wp-json\/wp\/v2\/media?parent=406"}],"wp:term":[{"taxonomy":"product_brand","embeddable":true,"href":"https:\/\/jestrudo.pl\/sklep\/wp-json\/wp\/v2\/product_brand?post=406"},{"taxonomy":"product_cat","embeddable":true,"href":"https:\/\/jestrudo.pl\/sklep\/wp-json\/wp\/v2\/product_cat?post=406"},{"taxonomy":"product_tag","embeddable":true,"href":"https:\/\/jestrudo.pl\/sklep\/wp-json\/wp\/v2\/product_tag?post=406"}],"curies":[{"name":"wp","href":"https:\/\/api.w.org\/{rel}","templated":true}]}}