{"id":4050,"date":"2017-01-26T13:08:03","date_gmt":"2017-01-26T12:08:03","guid":{"rendered":"https:\/\/jestrudo.pl\/sklep\/produkt\/akcje-klimatyczne\/"},"modified":"2025-10-27T12:52:17","modified_gmt":"2025-10-27T11:52:17","slug":"akcje-klimatyczne","status":"publish","type":"product","link":"https:\/\/jestrudo.pl\/sklep\/produkt\/akcje-klimatyczne\/","title":{"rendered":"Akcje klimatyczne"},"content":{"rendered":"","protected":false},"excerpt":{"rendered":"<p style=\"text-align: justify;\"><strong>Klimatyczne<\/strong>\u00a0<strong>akcje do Photoshopa<\/strong> to zupe\u0142na nowo\u015b\u0107 w naszym sklepie! Dzi\u0119ki nim zdj\u0119cia nabior\u0105 charakteru. Nawet zwyczajne zdj\u0119cie le\u015bnej \u015bcie\u017cki\u00a0staje si\u0119 nastrojow\u0105 fotografi\u0105. Ka\u017cda z 10 akcji ma swoj\u0105 histori\u0119, lecz \u0142\u0105czy je wsp\u00f3lny klimat. Mamy nadziej\u0119, \u017ce polubisz je tak mocno, jak my.<\/p>\n<p style=\"text-align: justify;\"><em>Produkt kompatybilny z programem <strong>Photoshop CS3-6<\/strong> oraz <strong>CC<\/strong> w wersji polskiej i angielskiej.<\/em><\/p>\n<p><a class=\"'button\" href=\"'\/akcje-podstawowe'\">Czytaj wi\u0119cej<\/a><\/p>\n","protected":false},"featured_media":16516,"template":"","meta":[],"product_brand":[],"product_cat":[8,66],"product_tag":[29,30],"class_list":{"0":"post-4050","1":"product","2":"type-product","3":"status-publish","4":"has-post-thumbnail","6":"product_cat-akcje","7":"product_cat-pakiet-akcji","8":"product_tag-akcje-do-photoshopa","9":"product_tag-filtry-kolorystyczne","11":"entry","12":"has-media","14":"first","15":"instock","16":"sale","17":"downloadable","18":"virtual","19":"purchasable","20":"product-type-simple","21":"has-product-nav","22":"col","23":"span_1_of_3","24":"owp-content-center","25":"owp-thumbs-layout-horizontal","26":"owp-btn-normal","27":"owp-tabs-layout-horizontal","28":"has-no-thumbnails"},"yoast_head":"<!-- This site is optimized with the Yoast SEO plugin v26.2 - https:\/\/yoast.com\/wordpress\/plugins\/seo\/ -->\n<title>Akcje do Photoshopa, klimatyczne filtry kolorystyczne do zdj\u0119\u0107 w stylu retro<\/title>\n<meta name=\"description\" content=\"Filtry kolorystyczne (akcje do PS) odmieni\u0105 ka\u017cde zdj\u0119cie. Edytuj zdj\u0119cia, jak profesjonalista, tylko SZYBCIEJ! Zostaw konkurencj\u0119 w tyle \u2605\" \/>\n<meta name=\"robots\" content=\"index, follow, max-snippet:-1, max-image-preview:large, max-video-preview:-1\" \/>\n<link rel=\"canonical\" href=\"https:\/\/jestrudo.pl\/sklep\/produkt\/akcje-klimatyczne\/\" \/>\n<meta property=\"og:locale\" content=\"pl_PL\" \/>\n<meta property=\"og:type\" content=\"article\" \/>\n<meta property=\"og:title\" content=\"Akcje do Photoshopa, klimatyczne filtry kolorystyczne do zdj\u0119\u0107 w stylu retro\" \/>\n<meta property=\"og:description\" content=\"Filtry kolorystyczne (akcje do PS) odmieni\u0105 ka\u017cde zdj\u0119cie. Edytuj zdj\u0119cia, jak profesjonalista, tylko SZYBCIEJ! Zostaw konkurencj\u0119 w tyle \u2605\" \/>\n<meta property=\"og:url\" content=\"https:\/\/jestrudo.pl\/sklep\/produkt\/akcje-klimatyczne\/\" \/>\n<meta property=\"og:site_name\" content=\"Jest Rudo - nauka fotografii dla pocz\u0105tkuj\u0105cych\" \/>\n<meta property=\"article:modified_time\" content=\"2025-10-27T11:52:17+00:00\" \/>\n<meta property=\"og:image\" content=\"https:\/\/jestrudo.pl\/sklep\/wp-content\/uploads\/2023\/01\/edycja-zdjec-akcje-do-ps-1.png\" \/>\n\t<meta property=\"og:image:width\" content=\"800\" \/>\n\t<meta property=\"og:image:height\" content=\"800\" \/>\n\t<meta property=\"og:image:type\" content=\"image\/png\" \/>\n<meta name=\"twitter:card\" content=\"summary_large_image\" \/>\n<meta name=\"twitter:label1\" content=\"Szacowany czas czytania\" \/>\n\t<meta name=\"twitter:data1\" content=\"1 minuta\" \/>\n<script type=\"application\/ld+json\" class=\"yoast-schema-graph\">{\"@context\":\"https:\/\/schema.org\",\"@graph\":[{\"@type\":\"WebPage\",\"@id\":\"https:\/\/jestrudo.pl\/sklep\/produkt\/akcje-klimatyczne\/\",\"url\":\"https:\/\/jestrudo.pl\/sklep\/produkt\/akcje-klimatyczne\/\",\"name\":\"Akcje do Photoshopa, klimatyczne filtry kolorystyczne do zdj\u0119\u0107 w stylu retro\",\"isPartOf\":{\"@id\":\"https:\/\/jestrudo.pl\/sklep\/#website\"},\"primaryImageOfPage\":{\"@id\":\"https:\/\/jestrudo.pl\/sklep\/produkt\/akcje-klimatyczne\/#primaryimage\"},\"image\":{\"@id\":\"https:\/\/jestrudo.pl\/sklep\/produkt\/akcje-klimatyczne\/#primaryimage\"},\"thumbnailUrl\":\"https:\/\/jestrudo.pl\/sklep\/wp-content\/uploads\/2023\/01\/edycja-zdjec-akcje-do-ps-1.png\",\"datePublished\":\"2017-01-26T12:08:03+00:00\",\"dateModified\":\"2025-10-27T11:52:17+00:00\",\"description\":\"Filtry kolorystyczne (akcje do PS) odmieni\u0105 ka\u017cde zdj\u0119cie. Edytuj zdj\u0119cia, jak profesjonalista, tylko SZYBCIEJ! Zostaw konkurencj\u0119 w tyle \u2605\",\"breadcrumb\":{\"@id\":\"https:\/\/jestrudo.pl\/sklep\/produkt\/akcje-klimatyczne\/#breadcrumb\"},\"inLanguage\":\"pl-PL\",\"potentialAction\":[{\"@type\":\"ReadAction\",\"target\":[\"https:\/\/jestrudo.pl\/sklep\/produkt\/akcje-klimatyczne\/\"]}]},{\"@type\":\"ImageObject\",\"inLanguage\":\"pl-PL\",\"@id\":\"https:\/\/jestrudo.pl\/sklep\/produkt\/akcje-klimatyczne\/#primaryimage\",\"url\":\"https:\/\/jestrudo.pl\/sklep\/wp-content\/uploads\/2023\/01\/edycja-zdjec-akcje-do-ps-1.png\",\"contentUrl\":\"https:\/\/jestrudo.pl\/sklep\/wp-content\/uploads\/2023\/01\/edycja-zdjec-akcje-do-ps-1.png\",\"width\":800,\"height\":800,\"caption\":\"szybka edycja zdj\u0119\u0107 - akcje do photoshopa i presety vintage\"},{\"@type\":\"BreadcrumbList\",\"@id\":\"https:\/\/jestrudo.pl\/sklep\/produkt\/akcje-klimatyczne\/#breadcrumb\",\"itemListElement\":[{\"@type\":\"ListItem\",\"position\":1,\"name\":\"Strona g\u0142\u00f3wna\",\"item\":\"https:\/\/jestrudo.pl\/sklep\/\"},{\"@type\":\"ListItem\",\"position\":2,\"name\":\"Sklep\",\"item\":\"https:\/\/jestrudo.pl\/sklep\/sklep\/\"},{\"@type\":\"ListItem\",\"position\":3,\"name\":\"Akcje klimatyczne\"}]},{\"@type\":\"WebSite\",\"@id\":\"https:\/\/jestrudo.pl\/sklep\/#website\",\"url\":\"https:\/\/jestrudo.pl\/sklep\/\",\"name\":\"Jest Rudo - nauka fotografii dla pocz\u0105tkuj\u0105cych\",\"description\":\"Kurs fotografii dla pocz\u0105tkuj\u0105cych, akcje do Photoshopa, lekcje fotografii\",\"potentialAction\":[{\"@type\":\"SearchAction\",\"target\":{\"@type\":\"EntryPoint\",\"urlTemplate\":\"https:\/\/jestrudo.pl\/sklep\/?s={search_term_string}\"},\"query-input\":{\"@type\":\"PropertyValueSpecification\",\"valueRequired\":true,\"valueName\":\"search_term_string\"}}],\"inLanguage\":\"pl-PL\"}]}<\/script>\n<!-- \/ Yoast SEO plugin. -->","yoast_head_json":{"title":"Akcje do Photoshopa, klimatyczne filtry kolorystyczne do zdj\u0119\u0107 w stylu retro","description":"Filtry kolorystyczne (akcje do PS) odmieni\u0105 ka\u017cde zdj\u0119cie. Edytuj zdj\u0119cia, jak profesjonalista, tylko SZYBCIEJ! Zostaw konkurencj\u0119 w tyle \u2605","robots":{"index":"index","follow":"follow","max-snippet":"max-snippet:-1","max-image-preview":"max-image-preview:large","max-video-preview":"max-video-preview:-1"},"canonical":"https:\/\/jestrudo.pl\/sklep\/produkt\/akcje-klimatyczne\/","og_locale":"pl_PL","og_type":"article","og_title":"Akcje do Photoshopa, klimatyczne filtry kolorystyczne do zdj\u0119\u0107 w stylu retro","og_description":"Filtry kolorystyczne (akcje do PS) odmieni\u0105 ka\u017cde zdj\u0119cie. Edytuj zdj\u0119cia, jak profesjonalista, tylko SZYBCIEJ! Zostaw konkurencj\u0119 w tyle \u2605","og_url":"https:\/\/jestrudo.pl\/sklep\/produkt\/akcje-klimatyczne\/","og_site_name":"Jest Rudo - nauka fotografii dla pocz\u0105tkuj\u0105cych","article_modified_time":"2025-10-27T11:52:17+00:00","og_image":[{"width":800,"height":800,"url":"https:\/\/jestrudo.pl\/sklep\/wp-content\/uploads\/2023\/01\/edycja-zdjec-akcje-do-ps-1.png","type":"image\/png"}],"twitter_card":"summary_large_image","twitter_misc":{"Szacowany czas czytania":"1 minuta"},"schema":{"@context":"https:\/\/schema.org","@graph":[{"@type":"WebPage","@id":"https:\/\/jestrudo.pl\/sklep\/produkt\/akcje-klimatyczne\/","url":"https:\/\/jestrudo.pl\/sklep\/produkt\/akcje-klimatyczne\/","name":"Akcje do Photoshopa, klimatyczne filtry kolorystyczne do zdj\u0119\u0107 w stylu retro","isPartOf":{"@id":"https:\/\/jestrudo.pl\/sklep\/#website"},"primaryImageOfPage":{"@id":"https:\/\/jestrudo.pl\/sklep\/produkt\/akcje-klimatyczne\/#primaryimage"},"image":{"@id":"https:\/\/jestrudo.pl\/sklep\/produkt\/akcje-klimatyczne\/#primaryimage"},"thumbnailUrl":"https:\/\/jestrudo.pl\/sklep\/wp-content\/uploads\/2023\/01\/edycja-zdjec-akcje-do-ps-1.png","datePublished":"2017-01-26T12:08:03+00:00","dateModified":"2025-10-27T11:52:17+00:00","description":"Filtry kolorystyczne (akcje do PS) odmieni\u0105 ka\u017cde zdj\u0119cie. Edytuj zdj\u0119cia, jak profesjonalista, tylko SZYBCIEJ! Zostaw konkurencj\u0119 w tyle \u2605","breadcrumb":{"@id":"https:\/\/jestrudo.pl\/sklep\/produkt\/akcje-klimatyczne\/#breadcrumb"},"inLanguage":"pl-PL","potentialAction":[{"@type":"ReadAction","target":["https:\/\/jestrudo.pl\/sklep\/produkt\/akcje-klimatyczne\/"]}]},{"@type":"ImageObject","inLanguage":"pl-PL","@id":"https:\/\/jestrudo.pl\/sklep\/produkt\/akcje-klimatyczne\/#primaryimage","url":"https:\/\/jestrudo.pl\/sklep\/wp-content\/uploads\/2023\/01\/edycja-zdjec-akcje-do-ps-1.png","contentUrl":"https:\/\/jestrudo.pl\/sklep\/wp-content\/uploads\/2023\/01\/edycja-zdjec-akcje-do-ps-1.png","width":800,"height":800,"caption":"szybka edycja zdj\u0119\u0107 - akcje do photoshopa i presety vintage"},{"@type":"BreadcrumbList","@id":"https:\/\/jestrudo.pl\/sklep\/produkt\/akcje-klimatyczne\/#breadcrumb","itemListElement":[{"@type":"ListItem","position":1,"name":"Strona g\u0142\u00f3wna","item":"https:\/\/jestrudo.pl\/sklep\/"},{"@type":"ListItem","position":2,"name":"Sklep","item":"https:\/\/jestrudo.pl\/sklep\/sklep\/"},{"@type":"ListItem","position":3,"name":"Akcje klimatyczne"}]},{"@type":"WebSite","@id":"https:\/\/jestrudo.pl\/sklep\/#website","url":"https:\/\/jestrudo.pl\/sklep\/","name":"Jest Rudo - nauka fotografii dla pocz\u0105tkuj\u0105cych","description":"Kurs fotografii dla pocz\u0105tkuj\u0105cych, akcje do Photoshopa, lekcje fotografii","potentialAction":[{"@type":"SearchAction","target":{"@type":"EntryPoint","urlTemplate":"https:\/\/jestrudo.pl\/sklep\/?s={search_term_string}"},"query-input":{"@type":"PropertyValueSpecification","valueRequired":true,"valueName":"search_term_string"}}],"inLanguage":"pl-PL"}]}},"_links":{"self":[{"href":"https:\/\/jestrudo.pl\/sklep\/wp-json\/wp\/v2\/product\/4050","targetHints":{"allow":["GET"]}}],"collection":[{"href":"https:\/\/jestrudo.pl\/sklep\/wp-json\/wp\/v2\/product"}],"about":[{"href":"https:\/\/jestrudo.pl\/sklep\/wp-json\/wp\/v2\/types\/product"}],"version-history":[{"count":2,"href":"https:\/\/jestrudo.pl\/sklep\/wp-json\/wp\/v2\/product\/4050\/revisions"}],"predecessor-version":[{"id":16816,"href":"https:\/\/jestrudo.pl\/sklep\/wp-json\/wp\/v2\/product\/4050\/revisions\/16816"}],"wp:featuredmedia":[{"embeddable":true,"href":"https:\/\/jestrudo.pl\/sklep\/wp-json\/wp\/v2\/media\/16516"}],"wp:attachment":[{"href":"https:\/\/jestrudo.pl\/sklep\/wp-json\/wp\/v2\/media?parent=4050"}],"wp:term":[{"taxonomy":"product_brand","embeddable":true,"href":"https:\/\/jestrudo.pl\/sklep\/wp-json\/wp\/v2\/product_brand?post=4050"},{"taxonomy":"product_cat","embeddable":true,"href":"https:\/\/jestrudo.pl\/sklep\/wp-json\/wp\/v2\/product_cat?post=4050"},{"taxonomy":"product_tag","embeddable":true,"href":"https:\/\/jestrudo.pl\/sklep\/wp-json\/wp\/v2\/product_tag?post=4050"}],"curies":[{"name":"wp","href":"https:\/\/api.w.org\/{rel}","templated":true}]}}