{"id":2833,"date":"2016-06-06T12:38:42","date_gmt":"2016-06-06T10:38:42","guid":{"rendered":"https:\/\/jestrudo.pl\/sklep\/produkt\/photoshop-podstawy\/"},"modified":"2025-12-09T14:08:57","modified_gmt":"2025-12-09T13:08:57","slug":"photoshop-podstawy","status":"publish","type":"product","link":"https:\/\/jestrudo.pl\/sklep\/produkt\/photoshop-podstawy\/","title":{"rendered":"Lekcja fotografii: Photoshop podstawy"},"content":{"rendered":"","protected":false},"excerpt":{"rendered":"<div class=\"page\" title=\"Page 3\">\n<div class=\"section\">\n<div class=\"layoutArea\">\n<div class=\"column\">\n<p>Kurs\u00a0dla pocz\u0105tkuj\u0105cych &#8211; <strong><em>Photoshop podstawy<\/em><\/strong> obs\u0142ugi programu i obr\u00f3bki zdj\u0119\u0107. Kurs nauczy Ci\u0119 podstaw edycji zdj\u0119\u0107, efektywnego wykorzystywania narz\u0119dzi, kadrowania, zmiany rozmiaru plik\u00f3w na potrzeby druku i publikacji w sieci. Dowiesz si\u0119 tak\u017ce czym s\u0105 warstwy oraz jak z nimi pracowa\u0107. <a href=\"https:\/\/jestrudo.pl\/sklep\/photoshop-podstawy\/\">Tu komplet informacji.<\/a><\/p>\n<\/div>\n<\/div>\n<\/div>\n<\/div>\n","protected":false},"featured_media":20287,"template":"","meta":[],"product_brand":[],"product_cat":[9],"product_tag":[35,49,34,48,36],"class_list":{"0":"post-2833","1":"product","2":"type-product","3":"status-publish","4":"has-post-thumbnail","6":"product_cat-lekcje-fotografii","7":"product_tag-kurs-fotografii","8":"product_tag-kurs-photoshopa","9":"product_tag-lekcje-fotografii","10":"product_tag-photoshop-podstawy","11":"product_tag-podstawy-fotografii","13":"entry","14":"has-media","16":"first","17":"instock","18":"sale","19":"downloadable","20":"virtual","21":"purchasable","22":"product-type-simple","23":"has-product-nav","24":"col","25":"span_1_of_3","26":"owp-content-center","27":"owp-thumbs-layout-horizontal","28":"owp-btn-normal","29":"owp-tabs-layout-horizontal","30":"has-no-thumbnails"},"yoast_head":"<!-- This site is optimized with the Yoast SEO plugin v26.2 - https:\/\/yoast.com\/wordpress\/plugins\/seo\/ -->\n<title>Kurs fotografii: Photoshop podstawy obr\u00f3bki zdj\u0119\u0107 i obs\u0142ugi<\/title>\n<meta name=\"description\" content=\"Kurs dla pocz\u0105tkuj\u0105cych - Photoshop podstawy obs\u0142ugi programu i obr\u00f3bki zdj\u0119\u0107. Kurs nauczy Ci\u0119 czym s\u0105 warstwy oraz jakie s\u0105 podstawowe narz\u0119dzia.\" \/>\n<meta name=\"robots\" content=\"index, follow, max-snippet:-1, max-image-preview:large, max-video-preview:-1\" \/>\n<link rel=\"canonical\" href=\"https:\/\/jestrudo.pl\/sklep\/produkt\/photoshop-podstawy\/\" \/>\n<meta property=\"og:locale\" content=\"pl_PL\" \/>\n<meta property=\"og:type\" content=\"article\" \/>\n<meta property=\"og:title\" content=\"Kurs fotografii: Photoshop podstawy obr\u00f3bki zdj\u0119\u0107 i obs\u0142ugi\" \/>\n<meta property=\"og:description\" content=\"Kurs dla pocz\u0105tkuj\u0105cych - Photoshop podstawy obs\u0142ugi programu i obr\u00f3bki zdj\u0119\u0107. Kurs nauczy Ci\u0119 czym s\u0105 warstwy oraz jakie s\u0105 podstawowe narz\u0119dzia.\" \/>\n<meta property=\"og:url\" content=\"https:\/\/jestrudo.pl\/sklep\/produkt\/photoshop-podstawy\/\" \/>\n<meta property=\"og:site_name\" content=\"Jest Rudo - nauka fotografii dla pocz\u0105tkuj\u0105cych\" \/>\n<meta property=\"article:modified_time\" content=\"2025-12-09T13:08:57+00:00\" \/>\n<meta property=\"og:image\" content=\"https:\/\/jestrudo.pl\/sklep\/wp-content\/uploads\/2025\/10\/podstawy-photoshopa-2.png\" \/>\n\t<meta property=\"og:image:width\" content=\"1165\" \/>\n\t<meta property=\"og:image:height\" content=\"1200\" \/>\n\t<meta property=\"og:image:type\" content=\"image\/png\" \/>\n<meta name=\"twitter:card\" content=\"summary_large_image\" \/>\n<meta name=\"twitter:label1\" content=\"Szacowany czas czytania\" \/>\n\t<meta name=\"twitter:data1\" content=\"1 minuta\" \/>\n<script type=\"application\/ld+json\" class=\"yoast-schema-graph\">{\"@context\":\"https:\/\/schema.org\",\"@graph\":[{\"@type\":\"WebPage\",\"@id\":\"https:\/\/jestrudo.pl\/sklep\/produkt\/photoshop-podstawy\/\",\"url\":\"https:\/\/jestrudo.pl\/sklep\/produkt\/photoshop-podstawy\/\",\"name\":\"Kurs fotografii: Photoshop podstawy obr\u00f3bki zdj\u0119\u0107 i obs\u0142ugi\",\"isPartOf\":{\"@id\":\"https:\/\/jestrudo.pl\/sklep\/#website\"},\"primaryImageOfPage\":{\"@id\":\"https:\/\/jestrudo.pl\/sklep\/produkt\/photoshop-podstawy\/#primaryimage\"},\"image\":{\"@id\":\"https:\/\/jestrudo.pl\/sklep\/produkt\/photoshop-podstawy\/#primaryimage\"},\"thumbnailUrl\":\"https:\/\/jestrudo.pl\/sklep\/wp-content\/uploads\/2025\/10\/podstawy-photoshopa-2.png\",\"datePublished\":\"2016-06-06T10:38:42+00:00\",\"dateModified\":\"2025-12-09T13:08:57+00:00\",\"description\":\"Kurs dla pocz\u0105tkuj\u0105cych - Photoshop podstawy obs\u0142ugi programu i obr\u00f3bki zdj\u0119\u0107. Kurs nauczy Ci\u0119 czym s\u0105 warstwy oraz jakie s\u0105 podstawowe narz\u0119dzia.\",\"breadcrumb\":{\"@id\":\"https:\/\/jestrudo.pl\/sklep\/produkt\/photoshop-podstawy\/#breadcrumb\"},\"inLanguage\":\"pl-PL\",\"potentialAction\":[{\"@type\":\"ReadAction\",\"target\":[\"https:\/\/jestrudo.pl\/sklep\/produkt\/photoshop-podstawy\/\"]}]},{\"@type\":\"ImageObject\",\"inLanguage\":\"pl-PL\",\"@id\":\"https:\/\/jestrudo.pl\/sklep\/produkt\/photoshop-podstawy\/#primaryimage\",\"url\":\"https:\/\/jestrudo.pl\/sklep\/wp-content\/uploads\/2025\/10\/podstawy-photoshopa-2.png\",\"contentUrl\":\"https:\/\/jestrudo.pl\/sklep\/wp-content\/uploads\/2025\/10\/podstawy-photoshopa-2.png\",\"width\":1165,\"height\":1200,\"caption\":\"podstawy photoshopa dla pocz\u0105tkuj\u0105cych\"},{\"@type\":\"BreadcrumbList\",\"@id\":\"https:\/\/jestrudo.pl\/sklep\/produkt\/photoshop-podstawy\/#breadcrumb\",\"itemListElement\":[{\"@type\":\"ListItem\",\"position\":1,\"name\":\"Strona g\u0142\u00f3wna\",\"item\":\"https:\/\/jestrudo.pl\/sklep\/\"},{\"@type\":\"ListItem\",\"position\":2,\"name\":\"Sklep\",\"item\":\"https:\/\/jestrudo.pl\/sklep\/sklep\/\"},{\"@type\":\"ListItem\",\"position\":3,\"name\":\"Lekcja fotografii: Photoshop podstawy\"}]},{\"@type\":\"WebSite\",\"@id\":\"https:\/\/jestrudo.pl\/sklep\/#website\",\"url\":\"https:\/\/jestrudo.pl\/sklep\/\",\"name\":\"Jest Rudo - nauka fotografii dla pocz\u0105tkuj\u0105cych\",\"description\":\"Kurs fotografii dla pocz\u0105tkuj\u0105cych, akcje do Photoshopa, lekcje fotografii\",\"potentialAction\":[{\"@type\":\"SearchAction\",\"target\":{\"@type\":\"EntryPoint\",\"urlTemplate\":\"https:\/\/jestrudo.pl\/sklep\/?s={search_term_string}\"},\"query-input\":{\"@type\":\"PropertyValueSpecification\",\"valueRequired\":true,\"valueName\":\"search_term_string\"}}],\"inLanguage\":\"pl-PL\"}]}<\/script>\n<!-- \/ Yoast SEO plugin. -->","yoast_head_json":{"title":"Kurs fotografii: Photoshop podstawy obr\u00f3bki zdj\u0119\u0107 i obs\u0142ugi","description":"Kurs dla pocz\u0105tkuj\u0105cych - Photoshop podstawy obs\u0142ugi programu i obr\u00f3bki zdj\u0119\u0107. Kurs nauczy Ci\u0119 czym s\u0105 warstwy oraz jakie s\u0105 podstawowe narz\u0119dzia.","robots":{"index":"index","follow":"follow","max-snippet":"max-snippet:-1","max-image-preview":"max-image-preview:large","max-video-preview":"max-video-preview:-1"},"canonical":"https:\/\/jestrudo.pl\/sklep\/produkt\/photoshop-podstawy\/","og_locale":"pl_PL","og_type":"article","og_title":"Kurs fotografii: Photoshop podstawy obr\u00f3bki zdj\u0119\u0107 i obs\u0142ugi","og_description":"Kurs dla pocz\u0105tkuj\u0105cych - Photoshop podstawy obs\u0142ugi programu i obr\u00f3bki zdj\u0119\u0107. Kurs nauczy Ci\u0119 czym s\u0105 warstwy oraz jakie s\u0105 podstawowe narz\u0119dzia.","og_url":"https:\/\/jestrudo.pl\/sklep\/produkt\/photoshop-podstawy\/","og_site_name":"Jest Rudo - nauka fotografii dla pocz\u0105tkuj\u0105cych","article_modified_time":"2025-12-09T13:08:57+00:00","og_image":[{"width":1165,"height":1200,"url":"https:\/\/jestrudo.pl\/sklep\/wp-content\/uploads\/2025\/10\/podstawy-photoshopa-2.png","type":"image\/png"}],"twitter_card":"summary_large_image","twitter_misc":{"Szacowany czas czytania":"1 minuta"},"schema":{"@context":"https:\/\/schema.org","@graph":[{"@type":"WebPage","@id":"https:\/\/jestrudo.pl\/sklep\/produkt\/photoshop-podstawy\/","url":"https:\/\/jestrudo.pl\/sklep\/produkt\/photoshop-podstawy\/","name":"Kurs fotografii: Photoshop podstawy obr\u00f3bki zdj\u0119\u0107 i obs\u0142ugi","isPartOf":{"@id":"https:\/\/jestrudo.pl\/sklep\/#website"},"primaryImageOfPage":{"@id":"https:\/\/jestrudo.pl\/sklep\/produkt\/photoshop-podstawy\/#primaryimage"},"image":{"@id":"https:\/\/jestrudo.pl\/sklep\/produkt\/photoshop-podstawy\/#primaryimage"},"thumbnailUrl":"https:\/\/jestrudo.pl\/sklep\/wp-content\/uploads\/2025\/10\/podstawy-photoshopa-2.png","datePublished":"2016-06-06T10:38:42+00:00","dateModified":"2025-12-09T13:08:57+00:00","description":"Kurs dla pocz\u0105tkuj\u0105cych - Photoshop podstawy obs\u0142ugi programu i obr\u00f3bki zdj\u0119\u0107. Kurs nauczy Ci\u0119 czym s\u0105 warstwy oraz jakie s\u0105 podstawowe narz\u0119dzia.","breadcrumb":{"@id":"https:\/\/jestrudo.pl\/sklep\/produkt\/photoshop-podstawy\/#breadcrumb"},"inLanguage":"pl-PL","potentialAction":[{"@type":"ReadAction","target":["https:\/\/jestrudo.pl\/sklep\/produkt\/photoshop-podstawy\/"]}]},{"@type":"ImageObject","inLanguage":"pl-PL","@id":"https:\/\/jestrudo.pl\/sklep\/produkt\/photoshop-podstawy\/#primaryimage","url":"https:\/\/jestrudo.pl\/sklep\/wp-content\/uploads\/2025\/10\/podstawy-photoshopa-2.png","contentUrl":"https:\/\/jestrudo.pl\/sklep\/wp-content\/uploads\/2025\/10\/podstawy-photoshopa-2.png","width":1165,"height":1200,"caption":"podstawy photoshopa dla pocz\u0105tkuj\u0105cych"},{"@type":"BreadcrumbList","@id":"https:\/\/jestrudo.pl\/sklep\/produkt\/photoshop-podstawy\/#breadcrumb","itemListElement":[{"@type":"ListItem","position":1,"name":"Strona g\u0142\u00f3wna","item":"https:\/\/jestrudo.pl\/sklep\/"},{"@type":"ListItem","position":2,"name":"Sklep","item":"https:\/\/jestrudo.pl\/sklep\/sklep\/"},{"@type":"ListItem","position":3,"name":"Lekcja fotografii: Photoshop podstawy"}]},{"@type":"WebSite","@id":"https:\/\/jestrudo.pl\/sklep\/#website","url":"https:\/\/jestrudo.pl\/sklep\/","name":"Jest Rudo - nauka fotografii dla pocz\u0105tkuj\u0105cych","description":"Kurs fotografii dla pocz\u0105tkuj\u0105cych, akcje do Photoshopa, lekcje fotografii","potentialAction":[{"@type":"SearchAction","target":{"@type":"EntryPoint","urlTemplate":"https:\/\/jestrudo.pl\/sklep\/?s={search_term_string}"},"query-input":{"@type":"PropertyValueSpecification","valueRequired":true,"valueName":"search_term_string"}}],"inLanguage":"pl-PL"}]}},"_links":{"self":[{"href":"https:\/\/jestrudo.pl\/sklep\/wp-json\/wp\/v2\/product\/2833","targetHints":{"allow":["GET"]}}],"collection":[{"href":"https:\/\/jestrudo.pl\/sklep\/wp-json\/wp\/v2\/product"}],"about":[{"href":"https:\/\/jestrudo.pl\/sklep\/wp-json\/wp\/v2\/types\/product"}],"version-history":[{"count":2,"href":"https:\/\/jestrudo.pl\/sklep\/wp-json\/wp\/v2\/product\/2833\/revisions"}],"predecessor-version":[{"id":20310,"href":"https:\/\/jestrudo.pl\/sklep\/wp-json\/wp\/v2\/product\/2833\/revisions\/20310"}],"wp:featuredmedia":[{"embeddable":true,"href":"https:\/\/jestrudo.pl\/sklep\/wp-json\/wp\/v2\/media\/20287"}],"wp:attachment":[{"href":"https:\/\/jestrudo.pl\/sklep\/wp-json\/wp\/v2\/media?parent=2833"}],"wp:term":[{"taxonomy":"product_brand","embeddable":true,"href":"https:\/\/jestrudo.pl\/sklep\/wp-json\/wp\/v2\/product_brand?post=2833"},{"taxonomy":"product_cat","embeddable":true,"href":"https:\/\/jestrudo.pl\/sklep\/wp-json\/wp\/v2\/product_cat?post=2833"},{"taxonomy":"product_tag","embeddable":true,"href":"https:\/\/jestrudo.pl\/sklep\/wp-json\/wp\/v2\/product_tag?post=2833"}],"curies":[{"name":"wp","href":"https:\/\/api.w.org\/{rel}","templated":true}]}}