{"id":17270,"date":"2023-02-12T14:11:43","date_gmt":"2023-02-12T13:11:43","guid":{"rendered":"https:\/\/jestrudo.pl\/sklep\/?post_type=product&#038;p=17270"},"modified":"2025-10-27T12:46:30","modified_gmt":"2025-10-27T11:46:30","slug":"pakiet-podstawowe-photoshop","status":"publish","type":"product","link":"https:\/\/jestrudo.pl\/sklep\/produkt\/pakiet-podstawowe-photoshop\/","title":{"rendered":"Pakiet: akcje podstawowe i lekcja Photoshopa"},"content":{"rendered":"","protected":false},"excerpt":{"rendered":"","protected":false},"featured_media":17268,"template":"","meta":[],"product_brand":[],"product_cat":[8,9,66,107],"product_tag":[29,30],"class_list":{"0":"post-17270","1":"product","2":"type-product","3":"status-publish","4":"has-post-thumbnail","6":"product_cat-akcje","7":"product_cat-lekcje-fotografii","8":"product_cat-pakiet-akcji","9":"product_cat-promocja","10":"product_tag-akcje-do-photoshopa","11":"product_tag-filtry-kolorystyczne","13":"entry","14":"has-media","16":"first","17":"instock","18":"sale","19":"downloadable","20":"virtual","21":"purchasable","22":"product-type-simple","23":"has-product-nav","24":"col","25":"span_1_of_3","26":"owp-content-center","27":"owp-thumbs-layout-horizontal","28":"owp-btn-normal","29":"owp-tabs-layout-horizontal","30":"has-no-thumbnails"},"yoast_head":"<!-- This site is optimized with the Yoast SEO plugin v26.2 - https:\/\/yoast.com\/wordpress\/plugins\/seo\/ -->\n<title>Pakiet: akcje podstawowe i lekcja podstaw Photoshopa<\/title>\n<meta name=\"description\" content=\"Filtry kolorystyczne odmieni\u0105 ka\u017cde zdj\u0119cie. Akcje do Photoshopa to produkt, kt\u00f3ry u\u0142atwia \u017cycie, musisz go wypr\u00f3bowa\u0107!\u00a0\" \/>\n<meta name=\"robots\" content=\"index, follow, max-snippet:-1, max-image-preview:large, max-video-preview:-1\" \/>\n<link rel=\"canonical\" href=\"https:\/\/jestrudo.pl\/sklep\/produkt\/pakiet-podstawowe-photoshop\/\" \/>\n<meta property=\"og:locale\" content=\"pl_PL\" \/>\n<meta property=\"og:type\" content=\"article\" \/>\n<meta property=\"og:title\" content=\"Pakiet: akcje podstawowe i lekcja podstaw Photoshopa\" \/>\n<meta property=\"og:description\" content=\"Filtry kolorystyczne odmieni\u0105 ka\u017cde zdj\u0119cie. Akcje do Photoshopa to produkt, kt\u00f3ry u\u0142atwia \u017cycie, musisz go wypr\u00f3bowa\u0107!\u00a0\" \/>\n<meta property=\"og:url\" content=\"https:\/\/jestrudo.pl\/sklep\/produkt\/pakiet-podstawowe-photoshop\/\" \/>\n<meta property=\"og:site_name\" content=\"Jest Rudo - nauka fotografii dla pocz\u0105tkuj\u0105cych\" \/>\n<meta property=\"article:modified_time\" content=\"2025-10-27T11:46:30+00:00\" \/>\n<meta property=\"og:image\" content=\"https:\/\/jestrudo.pl\/sklep\/wp-content\/uploads\/2023\/02\/pakiet-podstawowe-photoshop.png\" \/>\n\t<meta property=\"og:image:width\" content=\"1024\" \/>\n\t<meta property=\"og:image:height\" content=\"922\" \/>\n\t<meta property=\"og:image:type\" content=\"image\/png\" \/>\n<meta name=\"twitter:card\" content=\"summary_large_image\" \/>\n<meta name=\"twitter:label1\" content=\"Szacowany czas czytania\" \/>\n\t<meta name=\"twitter:data1\" content=\"1 minuta\" \/>\n<script type=\"application\/ld+json\" class=\"yoast-schema-graph\">{\"@context\":\"https:\/\/schema.org\",\"@graph\":[{\"@type\":\"WebPage\",\"@id\":\"https:\/\/jestrudo.pl\/sklep\/produkt\/pakiet-podstawowe-photoshop\/\",\"url\":\"https:\/\/jestrudo.pl\/sklep\/produkt\/pakiet-podstawowe-photoshop\/\",\"name\":\"Pakiet: akcje podstawowe i lekcja podstaw Photoshopa\",\"isPartOf\":{\"@id\":\"https:\/\/jestrudo.pl\/sklep\/#website\"},\"primaryImageOfPage\":{\"@id\":\"https:\/\/jestrudo.pl\/sklep\/produkt\/pakiet-podstawowe-photoshop\/#primaryimage\"},\"image\":{\"@id\":\"https:\/\/jestrudo.pl\/sklep\/produkt\/pakiet-podstawowe-photoshop\/#primaryimage\"},\"thumbnailUrl\":\"https:\/\/jestrudo.pl\/sklep\/wp-content\/uploads\/2023\/02\/pakiet-podstawowe-photoshop.png\",\"datePublished\":\"2023-02-12T13:11:43+00:00\",\"dateModified\":\"2025-10-27T11:46:30+00:00\",\"description\":\"Filtry kolorystyczne odmieni\u0105 ka\u017cde zdj\u0119cie. Akcje do Photoshopa to produkt, kt\u00f3ry u\u0142atwia \u017cycie, musisz go wypr\u00f3bowa\u0107!\u00a0\",\"breadcrumb\":{\"@id\":\"https:\/\/jestrudo.pl\/sklep\/produkt\/pakiet-podstawowe-photoshop\/#breadcrumb\"},\"inLanguage\":\"pl-PL\",\"potentialAction\":[{\"@type\":\"ReadAction\",\"target\":[\"https:\/\/jestrudo.pl\/sklep\/produkt\/pakiet-podstawowe-photoshop\/\"]}]},{\"@type\":\"ImageObject\",\"inLanguage\":\"pl-PL\",\"@id\":\"https:\/\/jestrudo.pl\/sklep\/produkt\/pakiet-podstawowe-photoshop\/#primaryimage\",\"url\":\"https:\/\/jestrudo.pl\/sklep\/wp-content\/uploads\/2023\/02\/pakiet-podstawowe-photoshop.png\",\"contentUrl\":\"https:\/\/jestrudo.pl\/sklep\/wp-content\/uploads\/2023\/02\/pakiet-podstawowe-photoshop.png\",\"width\":1024,\"height\":922},{\"@type\":\"BreadcrumbList\",\"@id\":\"https:\/\/jestrudo.pl\/sklep\/produkt\/pakiet-podstawowe-photoshop\/#breadcrumb\",\"itemListElement\":[{\"@type\":\"ListItem\",\"position\":1,\"name\":\"Strona g\u0142\u00f3wna\",\"item\":\"https:\/\/jestrudo.pl\/sklep\/\"},{\"@type\":\"ListItem\",\"position\":2,\"name\":\"Sklep\",\"item\":\"https:\/\/jestrudo.pl\/sklep\/sklep\/\"},{\"@type\":\"ListItem\",\"position\":3,\"name\":\"Pakiet: akcje podstawowe i lekcja Photoshopa\"}]},{\"@type\":\"WebSite\",\"@id\":\"https:\/\/jestrudo.pl\/sklep\/#website\",\"url\":\"https:\/\/jestrudo.pl\/sklep\/\",\"name\":\"Jest Rudo - nauka fotografii dla pocz\u0105tkuj\u0105cych\",\"description\":\"Kurs fotografii dla pocz\u0105tkuj\u0105cych, akcje do Photoshopa, lekcje fotografii\",\"potentialAction\":[{\"@type\":\"SearchAction\",\"target\":{\"@type\":\"EntryPoint\",\"urlTemplate\":\"https:\/\/jestrudo.pl\/sklep\/?s={search_term_string}\"},\"query-input\":{\"@type\":\"PropertyValueSpecification\",\"valueRequired\":true,\"valueName\":\"search_term_string\"}}],\"inLanguage\":\"pl-PL\"}]}<\/script>\n<!-- \/ Yoast SEO plugin. -->","yoast_head_json":{"title":"Pakiet: akcje podstawowe i lekcja podstaw Photoshopa","description":"Filtry kolorystyczne odmieni\u0105 ka\u017cde zdj\u0119cie. Akcje do Photoshopa to produkt, kt\u00f3ry u\u0142atwia \u017cycie, musisz go wypr\u00f3bowa\u0107!\u00a0","robots":{"index":"index","follow":"follow","max-snippet":"max-snippet:-1","max-image-preview":"max-image-preview:large","max-video-preview":"max-video-preview:-1"},"canonical":"https:\/\/jestrudo.pl\/sklep\/produkt\/pakiet-podstawowe-photoshop\/","og_locale":"pl_PL","og_type":"article","og_title":"Pakiet: akcje podstawowe i lekcja podstaw Photoshopa","og_description":"Filtry kolorystyczne odmieni\u0105 ka\u017cde zdj\u0119cie. Akcje do Photoshopa to produkt, kt\u00f3ry u\u0142atwia \u017cycie, musisz go wypr\u00f3bowa\u0107!\u00a0","og_url":"https:\/\/jestrudo.pl\/sklep\/produkt\/pakiet-podstawowe-photoshop\/","og_site_name":"Jest Rudo - nauka fotografii dla pocz\u0105tkuj\u0105cych","article_modified_time":"2025-10-27T11:46:30+00:00","og_image":[{"width":1024,"height":922,"url":"https:\/\/jestrudo.pl\/sklep\/wp-content\/uploads\/2023\/02\/pakiet-podstawowe-photoshop.png","type":"image\/png"}],"twitter_card":"summary_large_image","twitter_misc":{"Szacowany czas czytania":"1 minuta"},"schema":{"@context":"https:\/\/schema.org","@graph":[{"@type":"WebPage","@id":"https:\/\/jestrudo.pl\/sklep\/produkt\/pakiet-podstawowe-photoshop\/","url":"https:\/\/jestrudo.pl\/sklep\/produkt\/pakiet-podstawowe-photoshop\/","name":"Pakiet: akcje podstawowe i lekcja podstaw Photoshopa","isPartOf":{"@id":"https:\/\/jestrudo.pl\/sklep\/#website"},"primaryImageOfPage":{"@id":"https:\/\/jestrudo.pl\/sklep\/produkt\/pakiet-podstawowe-photoshop\/#primaryimage"},"image":{"@id":"https:\/\/jestrudo.pl\/sklep\/produkt\/pakiet-podstawowe-photoshop\/#primaryimage"},"thumbnailUrl":"https:\/\/jestrudo.pl\/sklep\/wp-content\/uploads\/2023\/02\/pakiet-podstawowe-photoshop.png","datePublished":"2023-02-12T13:11:43+00:00","dateModified":"2025-10-27T11:46:30+00:00","description":"Filtry kolorystyczne odmieni\u0105 ka\u017cde zdj\u0119cie. Akcje do Photoshopa to produkt, kt\u00f3ry u\u0142atwia \u017cycie, musisz go wypr\u00f3bowa\u0107!\u00a0","breadcrumb":{"@id":"https:\/\/jestrudo.pl\/sklep\/produkt\/pakiet-podstawowe-photoshop\/#breadcrumb"},"inLanguage":"pl-PL","potentialAction":[{"@type":"ReadAction","target":["https:\/\/jestrudo.pl\/sklep\/produkt\/pakiet-podstawowe-photoshop\/"]}]},{"@type":"ImageObject","inLanguage":"pl-PL","@id":"https:\/\/jestrudo.pl\/sklep\/produkt\/pakiet-podstawowe-photoshop\/#primaryimage","url":"https:\/\/jestrudo.pl\/sklep\/wp-content\/uploads\/2023\/02\/pakiet-podstawowe-photoshop.png","contentUrl":"https:\/\/jestrudo.pl\/sklep\/wp-content\/uploads\/2023\/02\/pakiet-podstawowe-photoshop.png","width":1024,"height":922},{"@type":"BreadcrumbList","@id":"https:\/\/jestrudo.pl\/sklep\/produkt\/pakiet-podstawowe-photoshop\/#breadcrumb","itemListElement":[{"@type":"ListItem","position":1,"name":"Strona g\u0142\u00f3wna","item":"https:\/\/jestrudo.pl\/sklep\/"},{"@type":"ListItem","position":2,"name":"Sklep","item":"https:\/\/jestrudo.pl\/sklep\/sklep\/"},{"@type":"ListItem","position":3,"name":"Pakiet: akcje podstawowe i lekcja Photoshopa"}]},{"@type":"WebSite","@id":"https:\/\/jestrudo.pl\/sklep\/#website","url":"https:\/\/jestrudo.pl\/sklep\/","name":"Jest Rudo - nauka fotografii dla pocz\u0105tkuj\u0105cych","description":"Kurs fotografii dla pocz\u0105tkuj\u0105cych, akcje do Photoshopa, lekcje fotografii","potentialAction":[{"@type":"SearchAction","target":{"@type":"EntryPoint","urlTemplate":"https:\/\/jestrudo.pl\/sklep\/?s={search_term_string}"},"query-input":{"@type":"PropertyValueSpecification","valueRequired":true,"valueName":"search_term_string"}}],"inLanguage":"pl-PL"}]}},"_links":{"self":[{"href":"https:\/\/jestrudo.pl\/sklep\/wp-json\/wp\/v2\/product\/17270","targetHints":{"allow":["GET"]}}],"collection":[{"href":"https:\/\/jestrudo.pl\/sklep\/wp-json\/wp\/v2\/product"}],"about":[{"href":"https:\/\/jestrudo.pl\/sklep\/wp-json\/wp\/v2\/types\/product"}],"version-history":[{"count":2,"href":"https:\/\/jestrudo.pl\/sklep\/wp-json\/wp\/v2\/product\/17270\/revisions"}],"predecessor-version":[{"id":17289,"href":"https:\/\/jestrudo.pl\/sklep\/wp-json\/wp\/v2\/product\/17270\/revisions\/17289"}],"wp:featuredmedia":[{"embeddable":true,"href":"https:\/\/jestrudo.pl\/sklep\/wp-json\/wp\/v2\/media\/17268"}],"wp:attachment":[{"href":"https:\/\/jestrudo.pl\/sklep\/wp-json\/wp\/v2\/media?parent=17270"}],"wp:term":[{"taxonomy":"product_brand","embeddable":true,"href":"https:\/\/jestrudo.pl\/sklep\/wp-json\/wp\/v2\/product_brand?post=17270"},{"taxonomy":"product_cat","embeddable":true,"href":"https:\/\/jestrudo.pl\/sklep\/wp-json\/wp\/v2\/product_cat?post=17270"},{"taxonomy":"product_tag","embeddable":true,"href":"https:\/\/jestrudo.pl\/sklep\/wp-json\/wp\/v2\/product_tag?post=17270"}],"curies":[{"name":"wp","href":"https:\/\/api.w.org\/{rel}","templated":true}]}}